{"id":1262,"date":"2022-02-04T12:22:52","date_gmt":"2022-02-04T11:22:52","guid":{"rendered":"https:\/\/visit-gradac.com\/kulturni-dedictvi\/"},"modified":"2022-02-04T12:35:07","modified_gmt":"2022-02-04T11:35:07","slug":"kulturni-dedictvi","status":"publish","type":"page","link":"https:\/\/visit-gradac.com\/cs\/kulturni-dedictvi\/","title":{"rendered":"Kulturn\u00ed D\u011bdictv\u00ed"},"content":{"rendered":"","protected":false},"excerpt":{"rendered":"","protected":false},"author":1,"featured_media":0,"parent":0,"menu_order":0,"comment_status":"closed","ping_status":"closed","template":"","meta":[],"_links":{"self":[{"href":"https:\/\/visit-gradac.com\/cs\/wp-json\/wp\/v2\/pages\/1262"}],"collection":[{"href":"https:\/\/visit-gradac.com\/cs\/wp-json\/wp\/v2\/pages"}],"about":[{"href":"https:\/\/visit-gradac.com\/cs\/wp-json\/wp\/v2\/types\/page"}],"author":[{"embeddable":true,"href":"https:\/\/visit-gradac.com\/cs\/wp-json\/wp\/v2\/users\/1"}],"replies":[{"embeddable":true,"href":"https:\/\/visit-gradac.com\/cs\/wp-json\/wp\/v2\/comments?post=1262"}],"version-history":[{"count":2,"href":"https:\/\/visit-gradac.com\/cs\/wp-json\/wp\/v2\/pages\/1262\/revisions"}],"predecessor-version":[{"id":1265,"href":"https:\/\/visit-gradac.com\/cs\/wp-json\/wp\/v2\/pages\/1262\/revisions\/1265"}],"wp:attachment":[{"href":"https:\/\/visit-gradac.com\/cs\/wp-json\/wp\/v2\/media?parent=1262"}],"curies":[{"name":"wp","href":"https:\/\/api.w.org\/{rel}","templated":true}]}}