{"id":1276,"date":"2022-02-04T13:18:03","date_gmt":"2022-02-04T12:18:03","guid":{"rendered":"https:\/\/visit-gradac.com\/restaurace-bars-brist\/"},"modified":"2022-02-04T13:24:42","modified_gmt":"2022-02-04T12:24:42","slug":"restaurace-bars-brist","status":"publish","type":"page","link":"https:\/\/visit-gradac.com\/cs\/restaurace-bars-brist\/","title":{"rendered":"Restaurace &#038; Bars Brist"},"content":{"rendered":"\t\t<div data-elementor-type=\"wp-page\" data-elementor-id=\"1276\" class=\"elementor elementor-1276 elementor-581\" data-elementor-settings=\"[]\">\n\t\t\t\t\t\t\t<div class=\"elementor-section-wrap\">\n\t\t\t\t\t\t\t<section class=\"elementor-section elementor-top-section elementor-element elementor-element-b880dc1 elementor-section-boxed elementor-section-height-default elementor-section-height-default\" data-id=\"b880dc1\" data-element_type=\"section\">\n\t\t\t\t\t\t<div class=\"elementor-container elementor-column-gap-default\">\n\t\t\t\t\t<div class=\"elementor-column elementor-col-100 elementor-top-column elementor-element elementor-element-9a72f4d\" data-id=\"9a72f4d\" data-element_type=\"column\">\n\t\t\t<div class=\"elementor-widget-wrap elementor-element-populated\">\n\t\t\t\t\t\t\t\t<div class=\"elementor-element elementor-element-8e0436e elementor-widget elementor-widget-heading\" data-id=\"8e0436e\" data-element_type=\"widget\" data-widget_type=\"heading.default\">\n\t\t\t\t<div class=\"elementor-widget-container\">\n\t\t\t<h3 class=\"elementor-heading-title elementor-size-default\">Restaurace<\/h3>\t\t<\/div>\n\t\t\t\t<\/div>\n\t\t\t\t\t<\/div>\n\t\t<\/div>\n\t\t\t\t\t\t\t<\/div>\n\t\t<\/section>\n\t\t\t\t<section class=\"elementor-section elementor-top-section elementor-element elementor-element-2b840ac elementor-section-boxed elementor-section-height-default elementor-section-height-default\" data-id=\"2b840ac\" data-element_type=\"section\">\n\t\t\t\t\t\t<div class=\"elementor-container elementor-column-gap-default\">\n\t\t\t\t\t<div class=\"elementor-column elementor-col-25 elementor-top-column elementor-element elementor-element-4f97f57\" data-id=\"4f97f57\" data-element_type=\"column\">\n\t\t\t<div class=\"elementor-widget-wrap elementor-element-populated\">\n\t\t\t\t\t\t\t\t<div class=\"elementor-element elementor-element-1acc214 elementor-widget elementor-widget-image\" data-id=\"1acc214\" data-element_type=\"widget\" data-widget_type=\"image.default\">\n\t\t\t\t<div class=\"elementor-widget-container\">\n\t\t\t\t\t\t\t\t\t\t\t\t\t\t\t<img width=\"270\" height=\"270\" src=\"https:\/\/visit-gradac.com\/wp-content\/uploads\/2021\/06\/mala-mare-konoba.jpg\" class=\"attachment-full size-full\" alt=\"\" loading=\"lazy\" srcset=\"https:\/\/visit-gradac.com\/wp-content\/uploads\/2021\/06\/mala-mare-konoba.jpg 270w, https:\/\/visit-gradac.com\/wp-content\/uploads\/2021\/06\/mala-mare-konoba-150x150.jpg 150w, https:\/\/visit-gradac.com\/wp-content\/uploads\/2021\/06\/mala-mare-konoba-146x146.jpg 146w, https:\/\/visit-gradac.com\/wp-content\/uploads\/2021\/06\/mala-mare-konoba-50x50.jpg 50w, https:\/\/visit-gradac.com\/wp-content\/uploads\/2021\/06\/mala-mare-konoba-75x75.jpg 75w, https:\/\/visit-gradac.com\/wp-content\/uploads\/2021\/06\/mala-mare-konoba-85x85.jpg 85w, https:\/\/visit-gradac.com\/wp-content\/uploads\/2021\/06\/mala-mare-konoba-80x80.jpg 80w\" sizes=\"(max-width: 270px) 100vw, 270px\" \/>\t\t\t\t\t\t\t\t\t\t\t\t\t\t\t<\/div>\n\t\t\t\t<\/div>\n\t\t\t\t<div class=\"elementor-element elementor-element-a4ac8a8 elementor-widget elementor-widget-heading\" data-id=\"a4ac8a8\" data-element_type=\"widget\" data-widget_type=\"heading.default\">\n\t\t\t\t<div class=\"elementor-widget-container\">\n\t\t\t<h4 class=\"elementor-heading-title elementor-size-default\">Konoba Mala Mare<\/h4>\t\t<\/div>\n\t\t\t\t<\/div>\n\t\t\t\t<div class=\"elementor-element elementor-element-75ab0fd elementor-icon-list--layout-traditional elementor-list-item-link-full_width elementor-widget elementor-widget-icon-list\" data-id=\"75ab0fd\" data-element_type=\"widget\" data-widget_type=\"icon-list.default\">\n\t\t\t\t<div class=\"elementor-widget-container\">\n\t\t\t\t\t<ul class=\"elementor-icon-list-items\">\n\t\t\t\t\t\t\t<li class=\"elementor-icon-list-item\">\n\t\t\t\t\t\t\t\t\t\t\t<span class=\"elementor-icon-list-icon\">\n\t\t\t\t\t\t\t<i aria-hidden=\"true\" class=\"fas fa-check\"><\/i>\t\t\t\t\t\t<\/span>\n\t\t\t\t\t\t\t\t\t\t<span class=\"elementor-icon-list-text\">Mio\u0161i\u0107i 7, Brist<\/span>\n\t\t\t\t\t\t\t\t\t<\/li>\n\t\t\t\t\t\t\t\t<li class=\"elementor-icon-list-item\">\n\t\t\t\t\t\t\t\t\t\t\t<span class=\"elementor-icon-list-icon\">\n\t\t\t\t\t\t\t<i aria-hidden=\"true\" class=\"fas fa-phone-alt\"><\/i>\t\t\t\t\t\t<\/span>\n\t\t\t\t\t\t\t\t\t\t<span class=\"elementor-icon-list-text\">+385 99 646 3357<\/span>\n\t\t\t\t\t\t\t\t\t<\/li>\n\t\t\t\t\t\t<\/ul>\n\t\t\t\t<\/div>\n\t\t\t\t<\/div>\n\t\t\t\t\t<\/div>\n\t\t<\/div>\n\t\t\t\t<div class=\"elementor-column elementor-col-25 elementor-top-column elementor-element elementor-element-6943940\" data-id=\"6943940\" data-element_type=\"column\">\n\t\t\t<div class=\"elementor-widget-wrap elementor-element-populated\">\n\t\t\t\t\t\t\t\t<div class=\"elementor-element elementor-element-ce2ce62 elementor-widget elementor-widget-image\" data-id=\"ce2ce62\" data-element_type=\"widget\" data-widget_type=\"image.default\">\n\t\t\t\t<div class=\"elementor-widget-container\">\n\t\t\t\t\t\t\t\t\t\t\t\t\t\t\t<img width=\"270\" height=\"270\" src=\"https:\/\/visit-gradac.com\/wp-content\/uploads\/2021\/06\/konoba-porobilo.jpg\" class=\"attachment-full size-full\" alt=\"\" loading=\"lazy\" srcset=\"https:\/\/visit-gradac.com\/wp-content\/uploads\/2021\/06\/konoba-porobilo.jpg 270w, https:\/\/visit-gradac.com\/wp-content\/uploads\/2021\/06\/konoba-porobilo-150x150.jpg 150w, https:\/\/visit-gradac.com\/wp-content\/uploads\/2021\/06\/konoba-porobilo-146x146.jpg 146w, https:\/\/visit-gradac.com\/wp-content\/uploads\/2021\/06\/konoba-porobilo-50x50.jpg 50w, https:\/\/visit-gradac.com\/wp-content\/uploads\/2021\/06\/konoba-porobilo-75x75.jpg 75w, https:\/\/visit-gradac.com\/wp-content\/uploads\/2021\/06\/konoba-porobilo-85x85.jpg 85w, https:\/\/visit-gradac.com\/wp-content\/uploads\/2021\/06\/konoba-porobilo-80x80.jpg 80w\" sizes=\"(max-width: 270px) 100vw, 270px\" \/>\t\t\t\t\t\t\t\t\t\t\t\t\t\t\t<\/div>\n\t\t\t\t<\/div>\n\t\t\t\t<div class=\"elementor-element elementor-element-6043c61 elementor-widget elementor-widget-heading\" data-id=\"6043c61\" data-element_type=\"widget\" data-widget_type=\"heading.default\">\n\t\t\t\t<div class=\"elementor-widget-container\">\n\t\t\t<h4 class=\"elementor-heading-title elementor-size-default\">Konoba Porobilo<\/h4>\t\t<\/div>\n\t\t\t\t<\/div>\n\t\t\t\t<div class=\"elementor-element elementor-element-80db384 elementor-icon-list--layout-traditional elementor-list-item-link-full_width elementor-widget elementor-widget-icon-list\" data-id=\"80db384\" data-element_type=\"widget\" data-widget_type=\"icon-list.default\">\n\t\t\t\t<div class=\"elementor-widget-container\">\n\t\t\t\t\t<ul class=\"elementor-icon-list-items\">\n\t\t\t\t\t\t\t<li class=\"elementor-icon-list-item\">\n\t\t\t\t\t\t\t\t\t\t\t<span class=\"elementor-icon-list-icon\">\n\t\t\t\t\t\t\t<i aria-hidden=\"true\" class=\"fas fa-check\"><\/i>\t\t\t\t\t\t<\/span>\n\t\t\t\t\t\t\t\t\t\t<span class=\"elementor-icon-list-text\">Blatnice 6, Brist<\/span>\n\t\t\t\t\t\t\t\t\t<\/li>\n\t\t\t\t\t\t\t\t<li class=\"elementor-icon-list-item\">\n\t\t\t\t\t\t\t\t\t\t\t<span class=\"elementor-icon-list-icon\">\n\t\t\t\t\t\t\t<i aria-hidden=\"true\" class=\"fas fa-phone-alt\"><\/i>\t\t\t\t\t\t<\/span>\n\t\t\t\t\t\t\t\t\t\t<span class=\"elementor-icon-list-text\">+385 98 184 8362<\/span>\n\t\t\t\t\t\t\t\t\t<\/li>\n\t\t\t\t\t\t<\/ul>\n\t\t\t\t<\/div>\n\t\t\t\t<\/div>\n\t\t\t\t\t<\/div>\n\t\t<\/div>\n\t\t\t\t<div class=\"elementor-column elementor-col-25 elementor-top-column elementor-element elementor-element-3882518\" data-id=\"3882518\" data-element_type=\"column\">\n\t\t\t<div class=\"elementor-widget-wrap elementor-element-populated\">\n\t\t\t\t\t\t\t\t<div class=\"elementor-element elementor-element-d632f3a elementor-widget elementor-widget-image\" data-id=\"d632f3a\" data-element_type=\"widget\" data-widget_type=\"image.default\">\n\t\t\t\t<div class=\"elementor-widget-container\">\n\t\t\t\t\t\t\t\t\t\t\t\t\t\t\t<img width=\"270\" height=\"270\" src=\"https:\/\/visit-gradac.com\/wp-content\/uploads\/2021\/06\/restoran-riva.jpg\" class=\"attachment-full size-full\" alt=\"\" loading=\"lazy\" srcset=\"https:\/\/visit-gradac.com\/wp-content\/uploads\/2021\/06\/restoran-riva.jpg 270w, https:\/\/visit-gradac.com\/wp-content\/uploads\/2021\/06\/restoran-riva-150x150.jpg 150w, https:\/\/visit-gradac.com\/wp-content\/uploads\/2021\/06\/restoran-riva-146x146.jpg 146w, https:\/\/visit-gradac.com\/wp-content\/uploads\/2021\/06\/restoran-riva-50x50.jpg 50w, https:\/\/visit-gradac.com\/wp-content\/uploads\/2021\/06\/restoran-riva-75x75.jpg 75w, https:\/\/visit-gradac.com\/wp-content\/uploads\/2021\/06\/restoran-riva-85x85.jpg 85w, https:\/\/visit-gradac.com\/wp-content\/uploads\/2021\/06\/restoran-riva-80x80.jpg 80w\" sizes=\"(max-width: 270px) 100vw, 270px\" \/>\t\t\t\t\t\t\t\t\t\t\t\t\t\t\t<\/div>\n\t\t\t\t<\/div>\n\t\t\t\t<div class=\"elementor-element elementor-element-5b581d8 elementor-widget elementor-widget-heading\" data-id=\"5b581d8\" data-element_type=\"widget\" data-widget_type=\"heading.default\">\n\t\t\t\t<div class=\"elementor-widget-container\">\n\t\t\t<h4 class=\"elementor-heading-title elementor-size-default\">Riva<\/h4>\t\t<\/div>\n\t\t\t\t<\/div>\n\t\t\t\t<div class=\"elementor-element elementor-element-38dd7ab elementor-icon-list--layout-traditional elementor-list-item-link-full_width elementor-widget elementor-widget-icon-list\" data-id=\"38dd7ab\" data-element_type=\"widget\" data-widget_type=\"icon-list.default\">\n\t\t\t\t<div class=\"elementor-widget-container\">\n\t\t\t\t\t<ul class=\"elementor-icon-list-items\">\n\t\t\t\t\t\t\t<li class=\"elementor-icon-list-item\">\n\t\t\t\t\t\t\t\t\t\t\t<span class=\"elementor-icon-list-icon\">\n\t\t\t\t\t\t\t<i aria-hidden=\"true\" class=\"fas fa-check\"><\/i>\t\t\t\t\t\t<\/span>\n\t\t\t\t\t\t\t\t\t\t<span class=\"elementor-icon-list-text\">Slakovac 8, 21335 Brist<\/span>\n\t\t\t\t\t\t\t\t\t<\/li>\n\t\t\t\t\t\t\t\t<li class=\"elementor-icon-list-item\">\n\t\t\t\t\t\t\t\t\t\t\t<span class=\"elementor-icon-list-icon\">\n\t\t\t\t\t\t\t<i aria-hidden=\"true\" class=\"fas fa-phone-alt\"><\/i>\t\t\t\t\t\t<\/span>\n\t\t\t\t\t\t\t\t\t\t<span class=\"elementor-icon-list-text\">+385 98 284 594<\/span>\n\t\t\t\t\t\t\t\t\t<\/li>\n\t\t\t\t\t\t\t\t<li class=\"elementor-icon-list-item\">\n\t\t\t\t\t\t\t\t\t\t\t<a href=\"mailto:hotelriva.brist@gmail.com\">\n\n\t\t\t\t\t\t\t\t\t\t\t\t<span class=\"elementor-icon-list-icon\">\n\t\t\t\t\t\t\t<i aria-hidden=\"true\" class=\"fas fa-envelope\"><\/i>\t\t\t\t\t\t<\/span>\n\t\t\t\t\t\t\t\t\t\t<span class=\"elementor-icon-list-text\">hotelriva.brist@gmail.com<\/span>\n\t\t\t\t\t\t\t\t\t\t\t<\/a>\n\t\t\t\t\t\t\t\t\t<\/li>\n\t\t\t\t\t\t<\/ul>\n\t\t\t\t<\/div>\n\t\t\t\t<\/div>\n\t\t\t\t<div class=\"elementor-element elementor-element-b74d453 elementor-align-center elementor-widget elementor-widget-button\" data-id=\"b74d453\" data-element_type=\"widget\" data-widget_type=\"button.default\">\n\t\t\t\t<div class=\"elementor-widget-container\">\n\t\t\t\t\t<div class=\"elementor-button-wrapper\">\n\t\t\t<a href=\"https:\/\/hotelriva.hr\/\" class=\"elementor-button-link elementor-button elementor-size-sm\" role=\"button\">\n\t\t\t\t\t\t<span class=\"elementor-button-content-wrapper\">\n\t\t\t\t\t\t<span class=\"elementor-button-text\">P\u0159e\u010dt\u011bte si v\u00edce<\/span>\n\t\t<\/span>\n\t\t\t\t\t<\/a>\n\t\t<\/div>\n\t\t\t\t<\/div>\n\t\t\t\t<\/div>\n\t\t\t\t\t<\/div>\n\t\t<\/div>\n\t\t\t\t<div class=\"elementor-column elementor-col-25 elementor-top-column elementor-element elementor-element-19d5b0d\" data-id=\"19d5b0d\" data-element_type=\"column\">\n\t\t\t<div class=\"elementor-widget-wrap elementor-element-populated\">\n\t\t\t\t\t\t\t\t<div class=\"elementor-element elementor-element-8223615 elementor-widget elementor-widget-image\" data-id=\"8223615\" data-element_type=\"widget\" data-widget_type=\"image.default\">\n\t\t\t\t<div class=\"elementor-widget-container\">\n\t\t\t\t\t\t\t\t\t\t\t\t\t\t\t<img width=\"270\" height=\"270\" src=\"https:\/\/visit-gradac.com\/wp-content\/uploads\/2021\/06\/fast-food-gaga.jpg\" class=\"attachment-full size-full\" alt=\"\" loading=\"lazy\" srcset=\"https:\/\/visit-gradac.com\/wp-content\/uploads\/2021\/06\/fast-food-gaga.jpg 270w, https:\/\/visit-gradac.com\/wp-content\/uploads\/2021\/06\/fast-food-gaga-150x150.jpg 150w, https:\/\/visit-gradac.com\/wp-content\/uploads\/2021\/06\/fast-food-gaga-146x146.jpg 146w, https:\/\/visit-gradac.com\/wp-content\/uploads\/2021\/06\/fast-food-gaga-50x50.jpg 50w, https:\/\/visit-gradac.com\/wp-content\/uploads\/2021\/06\/fast-food-gaga-75x75.jpg 75w, https:\/\/visit-gradac.com\/wp-content\/uploads\/2021\/06\/fast-food-gaga-85x85.jpg 85w, https:\/\/visit-gradac.com\/wp-content\/uploads\/2021\/06\/fast-food-gaga-80x80.jpg 80w\" sizes=\"(max-width: 270px) 100vw, 270px\" \/>\t\t\t\t\t\t\t\t\t\t\t\t\t\t\t<\/div>\n\t\t\t\t<\/div>\n\t\t\t\t<div class=\"elementor-element elementor-element-04e21ab elementor-widget elementor-widget-heading\" data-id=\"04e21ab\" data-element_type=\"widget\" data-widget_type=\"heading.default\">\n\t\t\t\t<div class=\"elementor-widget-container\">\n\t\t\t<h4 class=\"elementor-heading-title elementor-size-default\">Gaga<\/h4>\t\t<\/div>\n\t\t\t\t<\/div>\n\t\t\t\t<div class=\"elementor-element elementor-element-d7838dd elementor-icon-list--layout-traditional elementor-list-item-link-full_width elementor-widget elementor-widget-icon-list\" data-id=\"d7838dd\" data-element_type=\"widget\" data-widget_type=\"icon-list.default\">\n\t\t\t\t<div class=\"elementor-widget-container\">\n\t\t\t\t\t<ul class=\"elementor-icon-list-items\">\n\t\t\t\t\t\t\t<li class=\"elementor-icon-list-item\">\n\t\t\t\t\t\t\t\t\t\t\t<span class=\"elementor-icon-list-icon\">\n\t\t\t\t\t\t\t<i aria-hidden=\"true\" class=\"fas fa-check\"><\/i>\t\t\t\t\t\t<\/span>\n\t\t\t\t\t\t\t\t\t\t<span class=\"elementor-icon-list-text\">Pe\u0107a 12b, Brist<\/span>\n\t\t\t\t\t\t\t\t\t<\/li>\n\t\t\t\t\t\t\t\t<li class=\"elementor-icon-list-item\">\n\t\t\t\t\t\t\t\t\t\t\t<span class=\"elementor-icon-list-icon\">\n\t\t\t\t\t\t\t<i aria-hidden=\"true\" class=\"fas fa-phone-alt\"><\/i>\t\t\t\t\t\t<\/span>\n\t\t\t\t\t\t\t\t\t\t<span class=\"elementor-icon-list-text\">+385 98 180 4420<\/span>\n\t\t\t\t\t\t\t\t\t<\/li>\n\t\t\t\t\t\t<\/ul>\n\t\t\t\t<\/div>\n\t\t\t\t<\/div>\n\t\t\t\t\t<\/div>\n\t\t<\/div>\n\t\t\t\t\t\t\t<\/div>\n\t\t<\/section>\n\t\t\t\t<section class=\"elementor-section elementor-top-section elementor-element elementor-element-213291d elementor-section-boxed elementor-section-height-default elementor-section-height-default\" data-id=\"213291d\" data-element_type=\"section\">\n\t\t\t\t\t\t<div class=\"elementor-container elementor-column-gap-default\">\n\t\t\t\t\t<div class=\"elementor-column elementor-col-100 elementor-top-column elementor-element elementor-element-6c58c98\" data-id=\"6c58c98\" data-element_type=\"column\">\n\t\t\t<div class=\"elementor-widget-wrap elementor-element-populated\">\n\t\t\t\t\t\t\t\t<div class=\"elementor-element elementor-element-17fcb71 elementor-widget elementor-widget-heading\" data-id=\"17fcb71\" data-element_type=\"widget\" data-widget_type=\"heading.default\">\n\t\t\t\t<div class=\"elementor-widget-container\">\n\t\t\t<h3 class=\"elementor-heading-title elementor-size-default\">Caffe & cocktail bar<\/h3>\t\t<\/div>\n\t\t\t\t<\/div>\n\t\t\t\t<div class=\"elementor-element elementor-element-525cfdb elementor-widget elementor-widget-text-editor\" data-id=\"525cfdb\" data-element_type=\"widget\" data-widget_type=\"text-editor.default\">\n\t\t\t\t<div class=\"elementor-widget-container\">\n\t\t\t\t\t\t\t<p><strong>Sidra<\/strong>, Pakline 36, tel.+385921310307, +385922561171<\/p>\n<p><strong>Ka\u010di\u0107evi dvori<\/strong>, cocktail bar, Mio\u0161i\u0107i 15,\u00a0 tel.+38521699254<\/p>\n<p><strong><em>\u00a0<\/em><\/strong><\/p>\n\t\t\t\t\t\t<\/div>\n\t\t\t\t<\/div>\n\t\t\t\t\t<\/div>\n\t\t<\/div>\n\t\t\t\t\t\t\t<\/div>\n\t\t<\/section>\n\t\t\t\t\t\t<\/div>\n\t\t\t\t\t<\/div>\n\t\t","protected":false},"excerpt":{"rendered":"<p>Restaurace Konoba Mala Mare Mio\u0161i\u0107i 7, Brist +385 99 646 3357 Konoba Porobilo Blatnice 6, Brist +385 98 184 8362 Riva Slakovac 8, 21335 Brist +385<span class=\"excerpt-hellip\"> [\u2026]<\/span><\/p>\n","protected":false},"author":1,"featured_media":0,"parent":0,"menu_order":0,"comment_status":"closed","ping_status":"closed","template":"","meta":[],"_links":{"self":[{"href":"https:\/\/visit-gradac.com\/cs\/wp-json\/wp\/v2\/pages\/1276"}],"collection":[{"href":"https:\/\/visit-gradac.com\/cs\/wp-json\/wp\/v2\/pages"}],"about":[{"href":"https:\/\/visit-gradac.com\/cs\/wp-json\/wp\/v2\/types\/page"}],"author":[{"embeddable":true,"href":"https:\/\/visit-gradac.com\/cs\/wp-json\/wp\/v2\/users\/1"}],"replies":[{"embeddable":true,"href":"https:\/\/visit-gradac.com\/cs\/wp-json\/wp\/v2\/comments?post=1276"}],"version-history":[{"count":1,"href":"https:\/\/visit-gradac.com\/cs\/wp-json\/wp\/v2\/pages\/1276\/revisions"}],"predecessor-version":[{"id":1277,"href":"https:\/\/visit-gradac.com\/cs\/wp-json\/wp\/v2\/pages\/1276\/revisions\/1277"}],"wp:attachment":[{"href":"https:\/\/visit-gradac.com\/cs\/wp-json\/wp\/v2\/media?parent=1276"}],"curies":[{"name":"wp","href":"https:\/\/api.w.org\/{rel}","templated":true}]}}